{"id":8,"date":"2024-01-25T19:53:36","date_gmt":"2024-01-25T22:53:36","guid":{"rendered":"https:\/\/terapiadecasalefamilia.psc.br\/?page_id=8"},"modified":"2024-01-26T18:05:04","modified_gmt":"2024-01-26T21:05:04","slug":"blog","status":"publish","type":"page","link":"https:\/\/terapiadecasalefamilia.psc.br\/?page_id=8","title":{"rendered":"Blog"},"content":{"rendered":"\n<p>Autoestima &amp; Relacionamento<\/p>\n\n\n\n<p>Se voc\u00ea se \u00e9 inseguro, autocr\u00edtico, evita situa\u00e7\u00f5es sociais, n\u00e3o reconhece suas qualidades e conquistas, tem dificuldade em aceitar elogios e dizer n\u00e3o, provavelmente tem uma baixa autoestima.<br>Por onde come\u00e7ar?<\/p>\n\n\n\n<p>Comece lendo o check list que eu deixei aqui para voc\u00ea. &gt;&gt;&gt;&gt;<\/p>\n\n\n\n<p>N\u00e3o deixe de cuidar de voc\u00ea a terapia \u00e9 um grande aliado nesse processo de autocuidado e voc\u00ea tem todo o suporte necess\u00e1rio para seguir em uma vida leve e sa\u00fadavel.<\/p>\n\n\n\n<p>Vamos agendar um atendimento?<\/p>\n","protected":false},"excerpt":{"rendered":"<p>Autoestima &amp; Relacionamento Se voc\u00ea se \u00e9 inseguro, autocr\u00edtico, evita situa\u00e7\u00f5es sociais, n\u00e3o reconhece suas qualidades e conquistas, tem dificuldade em aceitar elogios e dizer n\u00e3o, provavelmente tem uma baixa autoestima.Por onde come\u00e7ar? Comece lendo o check list que eu deixei aqui para voc\u00ea. &gt;&gt;&gt;&gt; N\u00e3o deixe de cuidar de voc\u00ea a terapia \u00e9 um &hellip; <\/p>\n","protected":false},"author":1,"featured_media":0,"parent":0,"menu_order":0,"comment_status":"closed","ping_status":"closed","template":"","meta":{"footnotes":""},"_links":{"self":[{"href":"https:\/\/terapiadecasalefamilia.psc.br\/index.php?rest_route=\/wp\/v2\/pages\/8"}],"collection":[{"href":"https:\/\/terapiadecasalefamilia.psc.br\/index.php?rest_route=\/wp\/v2\/pages"}],"about":[{"href":"https:\/\/terapiadecasalefamilia.psc.br\/index.php?rest_route=\/wp\/v2\/types\/page"}],"author":[{"embeddable":true,"href":"https:\/\/terapiadecasalefamilia.psc.br\/index.php?rest_route=\/wp\/v2\/users\/1"}],"replies":[{"embeddable":true,"href":"https:\/\/terapiadecasalefamilia.psc.br\/index.php?rest_route=%2Fwp%2Fv2%2Fcomments&post=8"}],"version-history":[{"count":2,"href":"https:\/\/terapiadecasalefamilia.psc.br\/index.php?rest_route=\/wp\/v2\/pages\/8\/revisions"}],"predecessor-version":[{"id":43,"href":"https:\/\/terapiadecasalefamilia.psc.br\/index.php?rest_route=\/wp\/v2\/pages\/8\/revisions\/43"}],"wp:attachment":[{"href":"https:\/\/terapiadecasalefamilia.psc.br\/index.php?rest_route=%2Fwp%2Fv2%2Fmedia&parent=8"}],"curies":[{"name":"wp","href":"https:\/\/api.w.org\/{rel}","templated":true}]}}